{"id":184,"date":"2020-02-17T12:32:57","date_gmt":"2020-02-17T05:32:57","guid":{"rendered":"https:\/\/th42.tongdaivui.com\/?page_id=184"},"modified":"2023-10-03T15:06:05","modified_gmt":"2023-10-03T08:06:05","slug":"trang-chu","status":"publish","type":"page","link":"https:\/\/th42.vn\/en\/","title":{"rendered":"Trang ch\u1ee7"},"content":{"rendered":"<div data-elementor-type=\"wp-page\" data-elementor-id=\"184\" class=\"elementor elementor-184\">\n\t\t\t\t\t\t\t\t\t<section class=\"elementor-section elementor-top-section elementor-element elementor-element-37c79e9 elementor-section-full_width elementor-section-stretched elementor-section-height-default elementor-section-height-default\" data-id=\"37c79e9\" data-element_type=\"section\" data-settings=\"{&quot;background_background&quot;:&quot;classic&quot;,&quot;stretch_section&quot;:&quot;section-stretched&quot;}\">\n\t\t\t\t\t\t<div class=\"elementor-container elementor-column-gap-no\">\n\t\t\t\t\t<div class=\"aux-parallax-section elementor-column elementor-col-100 elementor-top-column elementor-element elementor-element-51856f4\" data-id=\"51856f4\" data-element_type=\"column\">\n\t\t\t<div class=\"elementor-widget-wrap elementor-element-populated\">\n\t\t\t\t\t\t\t\t\t<\/div>\n\t\t<\/div>\n\t\t\t\t\t\t\t<\/div>\n\t\t<\/section>\n\t\t\t\t<section class=\"elementor-section elementor-top-section elementor-element elementor-element-50f3414 elementor-section-boxed elementor-section-height-default elementor-section-height-default\" data-id=\"50f3414\" data-element_type=\"section\">\n\t\t\t\t\t\t<div class=\"elementor-container elementor-column-gap-default\">\n\t\t\t\t\t<div class=\"aux-parallax-section elementor-column elementor-col-100 elementor-top-column elementor-element elementor-element-8d435f0\" data-id=\"8d435f0\" data-element_type=\"column\">\n\t\t\t<div class=\"elementor-widget-wrap\">\n\t\t\t\t\t\t\t\t\t<\/div>\n\t\t<\/div>\n\t\t\t\t\t\t\t<\/div>\n\t\t<\/section>\n\t\t\t\t<section class=\"elementor-section elementor-top-section elementor-element elementor-element-4e35817 elementor-section-boxed elementor-section-height-default elementor-section-height-default\" data-id=\"4e35817\" data-element_type=\"section\">\n\t\t\t\t\t\t<div class=\"elementor-container elementor-column-gap-default\">\n\t\t\t\t\t<div class=\"aux-parallax-section elementor-column elementor-col-100 elementor-top-column elementor-element elementor-element-c2bc334\" data-id=\"c2bc334\" data-element_type=\"column\">\n\t\t\t<div class=\"elementor-widget-wrap elementor-element-populated\">\n\t\t\t\t\t\t\t\t<div class=\"elementor-element elementor-element-ca97c08 elementor-widget elementor-widget-aux_modern_heading\" data-id=\"ca97c08\" data-element_type=\"widget\" data-widget_type=\"aux_modern_heading.default\">\n\t\t\t\t<div class=\"elementor-widget-container\">\n\t\t\t<section class=\"aux-widget-modern-heading\">\n            <div class=\"aux-widget-inner\"><h2 class=\"aux-modern-heading-primary\"><\/h2><h3 class=\"aux-modern-heading-secondary\"><span class=\"aux-head-highlight\">Gi\u1edbi thi\u1ec7u<\/span><\/h3><div class=\"aux-modern-heading-description\"><p>Ni\u00ean kh\u00f3a 2000 - 2005 v\u1edbi s\u1ed1 th\u00e0nh vi\u00ean \u0111\u00f4ng nh\u1ea5t khoa ...<\/p><\/div><\/div>\n        <\/section>\t\t<\/div>\n\t\t\t\t<\/div>\n\t\t\t\t\t<\/div>\n\t\t<\/div>\n\t\t\t\t\t\t\t<\/div>\n\t\t<\/section>\n\t\t\t\t<section class=\"elementor-section elementor-top-section elementor-element elementor-element-4c9d77b elementor-section-boxed elementor-section-height-default elementor-section-height-default\" data-id=\"4c9d77b\" data-element_type=\"section\">\n\t\t\t\t\t\t<div class=\"elementor-container elementor-column-gap-default\">\n\t\t\t\t\t<div class=\"aux-parallax-section elementor-column elementor-col-100 elementor-top-column elementor-element elementor-element-f1ab39e\" data-id=\"f1ab39e\" data-element_type=\"column\">\n\t\t\t<div class=\"elementor-widget-wrap elementor-element-populated\">\n\t\t\t\t\t\t\t\t<div class=\"elementor-element elementor-element-2332f33 elementor-widget elementor-widget-aux_modern_heading\" data-id=\"2332f33\" data-element_type=\"widget\" data-widget_type=\"aux_modern_heading.default\">\n\t\t\t\t<div class=\"elementor-widget-container\">\n\t\t\t<section class=\"aux-widget-modern-heading\">\n            <div class=\"aux-widget-inner\"><h2 class=\"aux-modern-heading-primary\"><\/h2><h3 class=\"aux-modern-heading-secondary\"><span class=\"aux-head-highlight\">Th\u00e0nh Vi\u00ean m\u1edbi<\/span><\/h3><\/div>\n        <\/section>\t\t<\/div>\n\t\t\t\t<\/div>\n\t\t\t\t<div class=\"elementor-element elementor-element-e83795e elementor-widget elementor-widget-aux_recent_portfolios_grid\" data-id=\"e83795e\" data-element_type=\"widget\" data-settings=\"{&quot;columns_mobile&quot;:&quot;3&quot;,&quot;columns&quot;:&quot;5&quot;,&quot;columns_tablet&quot;:&quot;inherit&quot;}\" data-widget_type=\"aux_recent_portfolios_grid.default\">\n\t\t\t\t<div class=\"elementor-widget-container\">\n\t\t\t<section class=\"widget-container aux-widget-recent-portfolios aux-parent-au78f69ee2\" style=\"\" ><div id=\"69e220c5939bf\" data-element-id=\"au78f69ee2\" class=\"aux-portfolio-columns aux-ajax-view aux-isotope-animated aux-isotope-layout aux-layout-grid aux-no-gutter aux-row aux-match-height aux-de-col5 aux-tb-col5 aux-mb-col3\" data-lazyload=\"true\" data-space=\"28\" data-pagination=\"true\" data-deeplink=\"false\" data-slug=\"\" data-perpage=\"8\" data-layout=\"fitRows\" data-reveal-transition-duration=\"600\" data-reveal-between-delay=\"60\" data-hide-transition-duration=\"600\" data-hide-between-delay=\"30\" data-num=\"\" data-order=\"DESC\" data-orderby=\"date\" data-taxonomy=\"\" data-n=\"717998b11a\"><div class=\"aux-items-loading aux-loading-hide\"><div class=\"aux-loading-loop\"><svg class=\"aux-circle\" width=\"100%\" height=\"100%\" viewbox=\"0 0 42 42\"><circle class=\"aux-stroke-bg\" r=\"20\" cx=\"21\" cy=\"21\" fill=\"none\"><\/circle><circle class=\"aux-progress\" r=\"20\" cx=\"21\" cy=\"21\" fill=\"none\" transform=\"rotate(-90 21 21)\"><\/circle><\/svg><\/div><\/div><div class=\"aux-iso-item aux-loading aux-col\"><article class=\"post-365 portfolio type-portfolio status-publish has-post-thumbnail hentry portfolio-cat-uncategorized portfolio-tag-uncategorized portfolio-filter-uncategorized\">\n    <div class=\"position-relative\">\n        <div class=\"entry-media\">\n            <div class=\"aux-media-frame aux-media-image\"><a href=\"https:\/\/th42.vn\/en\/portfolio\/bui-nhat-anh-khoi\/\"><img width=\"344\" height=\"344\" class=\"aux-attachment aux-featured-image attachment-344x344 aux-attachment-id-756\" alt=\"Tuan\" data-ratio=\"1\" data-original-w=\"950\" sizes=\"auto\" data-srcset=\"https:\/\/th42.vn\/wp-content\/uploads\/2023\/09\/Tuan-150x150.jpg 150w,https:\/\/th42.vn\/wp-content\/uploads\/2023\/09\/Tuan-300x300.jpg 300w,https:\/\/th42.vn\/wp-content\/uploads\/2023\/09\/Tuan-768x768.jpg 768w,https:\/\/th42.vn\/wp-content\/uploads\/2023\/09\/Tuan-344x344.jpg 344w,https:\/\/th42.vn\/wp-content\/uploads\/2023\/09\/Tuan-940x940.jpg 940w\" data-src=\"https:\/\/th42.vn\/wp-content\/uploads\/2023\/09\/Tuan-344x344.jpg\" \/><\/a><\/div>        <\/div>\n\n        <div class=\"after-entry-media-hover\"><\/div>\n\n            <\/div>\n\n            <div class=\"entry-main\">\n\n                            <header class=\"entry-header custom-entry-header-portfolio-loop\">\n                    <h3 class=\"entry-title\">\n                        <a href=\"https:\/\/th42.vn\/en\/portfolio\/bui-nhat-anh-khoi\/\">\n                            L\u00ea Nam Tu\u1ea5n                        <\/a>\n                    <\/h3>\n                    <span><small>CNTT<\/small><\/span>\n                <\/header>\n            \n                                <\/div>\n    \n<\/article><\/div><div class=\"aux-iso-item aux-loading aux-col\"><article class=\"post-363 portfolio type-portfolio status-publish has-post-thumbnail hentry portfolio-cat-uncategorized portfolio-tag-uncategorized portfolio-filter-uncategorized\">\n    <div class=\"position-relative\">\n        <div class=\"entry-media\">\n            <div class=\"aux-media-frame aux-media-image\"><a href=\"https:\/\/th42.vn\/en\/portfolio\/bui-phuc-khang\/\"><img width=\"344\" height=\"344\" class=\"aux-attachment aux-featured-image attachment-344x344 aux-attachment-id-763\" alt=\"Hoang\" data-ratio=\"1\" data-original-w=\"784\" sizes=\"auto\" data-srcset=\"https:\/\/th42.vn\/wp-content\/uploads\/2023\/09\/Hoang-150x150.jpg 150w,https:\/\/th42.vn\/wp-content\/uploads\/2023\/09\/Hoang-300x300.jpg 300w,https:\/\/th42.vn\/wp-content\/uploads\/2023\/09\/Hoang-768x768.jpg 768w,https:\/\/th42.vn\/wp-content\/uploads\/2023\/09\/Hoang-344x344.jpg 344w,https:\/\/th42.vn\/wp-content\/uploads\/2023\/09\/Hoang-774x774.jpg 774w\" data-src=\"https:\/\/th42.vn\/wp-content\/uploads\/2023\/09\/Hoang-344x344.jpg\" \/><\/a><\/div>        <\/div>\n\n        <div class=\"after-entry-media-hover\"><\/div>\n\n            <\/div>\n\n            <div class=\"entry-main\">\n\n                            <header class=\"entry-header custom-entry-header-portfolio-loop\">\n                    <h3 class=\"entry-title\">\n                        <a href=\"https:\/\/th42.vn\/en\/portfolio\/bui-phuc-khang\/\">\n                            B\u00f9i Ng\u1ecdc Ho\u00e0ng                        <\/a>\n                    <\/h3>\n                    <span><small>K\u1ef9 thu\u1eadt ph\u1ea7n m\u1ec1m<\/small><\/span>\n                <\/header>\n            \n                                <\/div>\n    \n<\/article><\/div><div class=\"aux-iso-item aux-loading aux-col\"><article class=\"post-361 portfolio type-portfolio status-publish has-post-thumbnail hentry portfolio-cat-uncategorized portfolio-tag-uncategorized portfolio-filter-uncategorized\">\n    <div class=\"position-relative\">\n        <div class=\"entry-media\">\n            <div class=\"aux-media-frame aux-media-image\"><a href=\"https:\/\/th42.vn\/en\/portfolio\/tran-bao-an\/\"><img width=\"344\" height=\"344\" class=\"aux-attachment aux-featured-image attachment-344x344 aux-attachment-id-765\" alt=\"Long\" data-ratio=\"1\" data-original-w=\"950\" sizes=\"auto\" data-srcset=\"https:\/\/th42.vn\/wp-content\/uploads\/2023\/09\/Long-150x150.jpg 150w,https:\/\/th42.vn\/wp-content\/uploads\/2023\/09\/Long-300x300.jpg 300w,https:\/\/th42.vn\/wp-content\/uploads\/2023\/09\/Long-768x768.jpg 768w,https:\/\/th42.vn\/wp-content\/uploads\/2023\/09\/Long-344x344.jpg 344w,https:\/\/th42.vn\/wp-content\/uploads\/2023\/09\/Long-940x940.jpg 940w\" data-src=\"https:\/\/th42.vn\/wp-content\/uploads\/2023\/09\/Long-344x344.jpg\" \/><\/a><\/div>        <\/div>\n\n        <div class=\"after-entry-media-hover\"><\/div>\n\n            <\/div>\n\n            <div class=\"entry-main\">\n\n                            <header class=\"entry-header custom-entry-header-portfolio-loop\">\n                    <h3 class=\"entry-title\">\n                        <a href=\"https:\/\/th42.vn\/en\/portfolio\/tran-bao-an\/\">\n                            Nguy\u1ec5n Ti\u1ebfn Long                        <\/a>\n                    <\/h3>\n                    <span><small>CNTT<\/small><\/span>\n                <\/header>\n            \n                                <\/div>\n    \n<\/article><\/div><div class=\"aux-iso-item aux-loading aux-col\"><article class=\"post-359 portfolio type-portfolio status-publish has-post-thumbnail hentry portfolio-cat-uncategorized portfolio-tag-uncategorized portfolio-filter-uncategorized\">\n    <div class=\"position-relative\">\n        <div class=\"entry-media\">\n            <div class=\"aux-media-frame aux-media-image\"><a href=\"https:\/\/th42.vn\/en\/portfolio\/tran-van-hung\/\"><img width=\"344\" height=\"344\" class=\"aux-attachment aux-featured-image attachment-344x344 aux-attachment-id-769\" alt=\"Hung\" data-ratio=\"1\" data-original-w=\"1079\" sizes=\"auto\" data-srcset=\"https:\/\/th42.vn\/wp-content\/uploads\/2023\/09\/Hung-150x150.jpg 150w,https:\/\/th42.vn\/wp-content\/uploads\/2023\/09\/Hung-300x300.jpg 300w,https:\/\/th42.vn\/wp-content\/uploads\/2023\/09\/Hung-768x768.jpg 768w,https:\/\/th42.vn\/wp-content\/uploads\/2023\/09\/Hung-1024x1024.jpg 1024w,https:\/\/th42.vn\/wp-content\/uploads\/2023\/09\/Hung-344x344.jpg 344w,https:\/\/th42.vn\/wp-content\/uploads\/2023\/09\/Hung-1069x1069.jpg 1069w\" data-src=\"https:\/\/th42.vn\/wp-content\/uploads\/2023\/09\/Hung-344x344.jpg\" \/><\/a><\/div>        <\/div>\n\n        <div class=\"after-entry-media-hover\"><\/div>\n\n            <\/div>\n\n            <div class=\"entry-main\">\n\n                            <header class=\"entry-header custom-entry-header-portfolio-loop\">\n                    <h3 class=\"entry-title\">\n                        <a href=\"https:\/\/th42.vn\/en\/portfolio\/tran-van-hung\/\">\n                            Tr\u1ea7n V\u0103n H\u00f9ng                        <\/a>\n                    <\/h3>\n                    <span><small>H\u1ec7 th\u1ed1ng c\u00e2n t\u1ef1 \u0111\u1ed9ng v\u00e0 m\u00e1y x\u0103m cho c\u00e1 ng\u1eeb<\/small><\/span>\n                <\/header>\n            \n                                <\/div>\n    \n<\/article><\/div><div class=\"aux-iso-item aux-loading aux-col\"><article class=\"post-357 portfolio type-portfolio status-publish has-post-thumbnail hentry portfolio-cat-uncategorized portfolio-tag-uncategorized portfolio-filter-uncategorized\">\n    <div class=\"position-relative\">\n        <div class=\"entry-media\">\n            <div class=\"aux-media-frame aux-media-image\"><a href=\"https:\/\/th42.vn\/en\/portfolio\/nguyen-gia-bach\/\"><img width=\"344\" height=\"344\" class=\"aux-attachment aux-featured-image attachment-344x344 aux-attachment-id-772\" alt=\"An\" data-ratio=\"1\" data-original-w=\"951\" sizes=\"auto\" data-srcset=\"https:\/\/th42.vn\/wp-content\/uploads\/2023\/09\/An-150x150.jpg 150w,https:\/\/th42.vn\/wp-content\/uploads\/2023\/09\/An-300x300.jpg 300w,https:\/\/th42.vn\/wp-content\/uploads\/2023\/09\/An-768x768.jpg 768w,https:\/\/th42.vn\/wp-content\/uploads\/2023\/09\/An-344x344.jpg 344w,https:\/\/th42.vn\/wp-content\/uploads\/2023\/09\/An-941x941.jpg 941w\" data-src=\"https:\/\/th42.vn\/wp-content\/uploads\/2023\/09\/An-344x344.jpg\" \/><\/a><\/div>        <\/div>\n\n        <div class=\"after-entry-media-hover\"><\/div>\n\n            <\/div>\n\n            <div class=\"entry-main\">\n\n                            <header class=\"entry-header custom-entry-header-portfolio-loop\">\n                    <h3 class=\"entry-title\">\n                        <a href=\"https:\/\/th42.vn\/en\/portfolio\/nguyen-gia-bach\/\">\n                            Nguy\u1ec5n B\u1ea3o \u00c2n                        <\/a>\n                    <\/h3>\n                    <span><small>Gi\u1ea3ng vi\u00ean \u0111\u1ea1i h\u1ecdc<\/small><\/span>\n                <\/header>\n            \n                                <\/div>\n    \n<\/article><\/div><\/div><script type=\"text\/javascript\">var au78f69ee2AjaxConfig = {\"title\":\"\",\"cat\":[],\"num\":\"\",\"only_posts__in\":\"\",\"include\":\"\",\"exclude\":\"\",\"posts_per_page\":-1,\"offset\":\"\",\"order_by\":\"date\",\"order\":\"DESC\",\"exclude_without_media\":\"yes\",\"display_like\":\"no\",\"deeplink\":\"\",\"use_ajax\":\"no\",\"deeplink_slug\":null,\"show_filters\":\"\",\"filter_by\":null,\"filter_style\":null,\"filter_align\":null,\"reveal_transition_duration\":\"600\",\"reveal_between_delay\":\"60\",\"hide_transition_duration\":\"600\",\"hide_between_delay\":\"30\",\"item_style\":\"classic\",\"tile_style_pattern\":\"default\",\"tiles_item_style\":\"overlay\",\"entry_background_color\":\"\",\"entry_border_color\":\"\",\"paginate\":\"yes\",\"perpage\":\"8\",\"crop\":true,\"display_title\":\"yes\",\"show_info\":\"\",\"display_read_more\":false,\"image_aspect_ratio\":\"1.00\",\"space\":28,\"desktop_cnum\":\"5\",\"tablet_cnum\":\"inherit\",\"phone_cnum\":\"3\",\"layout\":\"grid\",\"tag\":\"\",\"filter\":\"\",\"extra_classes\":\"\",\"extra_column_classes\":\"\",\"custom_el_id\":\"\",\"template_part_file\":\"recent-portfolio\",\"extra_template_path\":\"\\\/home\\\/th42vn\\\/public_html\\\/wp-content\\\/plugins\\\/auxin-portfolio\\\/public\\\/templates\\\/elements\",\"universal_id\":\"au78f69ee2\",\"query_args\":[],\"term\":\"\",\"reset_query\":true,\"use_wp_query\":false,\"wp_query_args\":[],\"custom_wp_query\":\"\",\"loadmore_type\":null,\"loadmore_label\":null,\"loadmore_per_page\":12,\"term_field\":\"slug\",\"base\":\"aux_recent_portfolios_grid\",\"base_class\":\"aux-widget-recent-portfolios\",\"paged\":\"\",\"override_global_query\":false,\"content\":null,\"skip_wrappers\":false,\"content_width\":2000,\"inview_transition\":\"none\",\"inview_duration\":\"\",\"inview_delay\":\"\",\"inview_repeat\":\"no\",\"inview_offset\":\"\",\"called_from\":\"elementor\"};<\/script><\/section><!-- widget-container -->\t\t<\/div>\n\t\t\t\t<\/div>\n\t\t\t\t\t<\/div>\n\t\t<\/div>\n\t\t\t\t\t\t\t<\/div>\n\t\t<\/section>\n\t\t\t\t\t\t\t<\/div>","protected":false},"excerpt":{"rendered":"<p>Gi\u1edbi thi\u1ec7u Ni\u00ean kh\u00f3a 2000 &#8211; 2005 v\u1edbi s\u1ed1 th\u00e0nh vi\u00ean \u0111\u00f4ng nh\u1ea5t khoa &#8230; Th\u00e0nh Vi\u00ean m\u1edbi L\u00ea Nam Tu\u1ea5n CNTT B\u00f9i Ng\u1ecdc Ho\u00e0ng K\u1ef9 thu\u1eadt ph\u1ea7n m\u1ec1m Nguy\u1ec5n Ti\u1ebfn Long CNTT Tr\u1ea7n V\u0103n H\u00f9ng Automation Nguy\u1ec5n B\u1ea3o \u00c2n Gi\u1ea3ng vi\u00ean \u0111\u1ea1i h\u1ecdc<\/p>","protected":false},"author":1,"featured_media":0,"parent":0,"menu_order":0,"comment_status":"closed","ping_status":"closed","template":"templates\/page-builder-content.php","meta":{"footnotes":""},"class_list":["post-184","page","type-page","status-publish","hentry"],"acf":[],"_links":{"self":[{"href":"https:\/\/th42.vn\/en\/wp-json\/wp\/v2\/pages\/184"}],"collection":[{"href":"https:\/\/th42.vn\/en\/wp-json\/wp\/v2\/pages"}],"about":[{"href":"https:\/\/th42.vn\/en\/wp-json\/wp\/v2\/types\/page"}],"author":[{"embeddable":true,"href":"https:\/\/th42.vn\/en\/wp-json\/wp\/v2\/users\/1"}],"replies":[{"embeddable":true,"href":"https:\/\/th42.vn\/en\/wp-json\/wp\/v2\/comments?post=184"}],"version-history":[{"count":159,"href":"https:\/\/th42.vn\/en\/wp-json\/wp\/v2\/pages\/184\/revisions"}],"predecessor-version":[{"id":790,"href":"https:\/\/th42.vn\/en\/wp-json\/wp\/v2\/pages\/184\/revisions\/790"}],"wp:attachment":[{"href":"https:\/\/th42.vn\/en\/wp-json\/wp\/v2\/media?parent=184"}],"curies":[{"name":"wp","href":"https:\/\/api.w.org\/{rel}","templated":true}]}}